{"id":89,"date":"2014-08-06T18:43:03","date_gmt":"2014-08-06T16:43:03","guid":{"rendered":"http:\/\/bilder-fuer-die-seele.de\/?page_id=89"},"modified":"2014-10-08T10:18:36","modified_gmt":"2014-10-08T08:18:36","slug":"fuer-uebers-sofa","status":"publish","type":"page","link":"http:\/\/bilder-fuer-die-seele.de\/?page_id=89","title":{"rendered":"Bild-Themen"},"content":{"rendered":"<ul>\n<li><a href=\"http:\/\/bilder-fuer-die-seele.de\/?p=75\">Natur<\/a><\/li>\n<li><a href=\"http:\/\/bilder-fuer-die-seele.de\/?p=171\">Das geheime Leben des schwebenden Volkes<\/a><\/li>\n<li><a href=\"http:\/\/bilder-fuer-die-seele.de\/?p=29\">Bilder f\u00fcr das kindliche Gem\u00fct<\/a><\/li>\n<li><a href=\"http:\/\/bilder-fuer-die-seele.de\/?p=99\">Symbole<\/a><\/li>\n<li><a href=\"http:\/\/bilder-fuer-die-seele.de\/?p=100\">Seelen-Qualit\u00e4ten<\/a><\/li>\n<li><a href=\"http:\/\/bilder-fuer-die-seele.de\/?p=91\">Nicht von dieser Welt<\/a><\/li>\n<li><a href=\"http:\/\/bilder-fuer-die-seele.de\/?p=84\">Farbmediationen<\/a><\/li>\n<li><a href=\"http:\/\/bilder-fuer-die-seele.de\/?p=190\">morgen-rot<\/a><\/li>\n<\/ul>\n","protected":false},"excerpt":{"rendered":"<p>Natur Das geheime Leben des schwebenden Volkes Bilder f\u00fcr das kindliche Gem\u00fct Symbole Seelen-Qualit\u00e4ten Nicht von dieser Welt Farbmediationen morgen-rot<\/p>\n","protected":false},"author":1,"featured_media":0,"parent":0,"menu_order":0,"comment_status":"closed","ping_status":"open","template":"","meta":{"ngg_post_thumbnail":0,"_links_to":"","_links_to_target":""},"_links":{"self":[{"href":"http:\/\/bilder-fuer-die-seele.de\/index.php?rest_route=\/wp\/v2\/pages\/89"}],"collection":[{"href":"http:\/\/bilder-fuer-die-seele.de\/index.php?rest_route=\/wp\/v2\/pages"}],"about":[{"href":"http:\/\/bilder-fuer-die-seele.de\/index.php?rest_route=\/wp\/v2\/types\/page"}],"author":[{"embeddable":true,"href":"http:\/\/bilder-fuer-die-seele.de\/index.php?rest_route=\/wp\/v2\/users\/1"}],"replies":[{"embeddable":true,"href":"http:\/\/bilder-fuer-die-seele.de\/index.php?rest_route=%2Fwp%2Fv2%2Fcomments&post=89"}],"version-history":[{"count":4,"href":"http:\/\/bilder-fuer-die-seele.de\/index.php?rest_route=\/wp\/v2\/pages\/89\/revisions"}],"predecessor-version":[{"id":195,"href":"http:\/\/bilder-fuer-die-seele.de\/index.php?rest_route=\/wp\/v2\/pages\/89\/revisions\/195"}],"wp:attachment":[{"href":"http:\/\/bilder-fuer-die-seele.de\/index.php?rest_route=%2Fwp%2Fv2%2Fmedia&parent=89"}],"curies":[{"name":"wp","href":"https:\/\/api.w.org\/{rel}","templated":true}]}}